{"id":44,"date":"2015-04-14T13:25:56","date_gmt":"2015-04-14T13:25:56","guid":{"rendered":"http:\/\/inox-dimnjaci.com\/?page_id=44"},"modified":"2015-04-17T10:03:07","modified_gmt":"2015-04-17T10:03:07","slug":"montaza-dimnjaka","status":"publish","type":"page","link":"https:\/\/inox-dimnjaci.com\/?page_id=44","title":{"rendered":"Monta\u017ea dimnjaka"},"content":{"rendered":"<p style=\"text-align: center;\">Izolirani dimovodni elementi sastoje se od tri dijela; dvije cijevi i izolacije izme\u0111u njih.<\/p>\n<p style=\"text-align: center;\">Unutarnja cijev je otporna na visoke temperature i kondezat, izolacijski sloj (mineralna vuna &#8211; negoriva, otporna na visoke temperature i postojanog oblika) smanjuje koli\u010dinu kondenzata, a vanjska cijev je otporna na atmosferske utjecaje.<\/p>\n<p style=\"text-align: center;\">Kod spajanja izoliranih dim. elemenata koriste se gumene brtve i spojnice, pa su tako spojeni nepropusni za vodu (kondenzat) i dimne plinove.<\/p>\n<p style=\"text-align: center;\">Dimnjaci sa izoliranim dim. elementima glede monta\u017ee mogu se izvesti kao samostoje\u0107i (monta\u017ea na vanjskom ili unutarnjem zidu) ili obzidani. Monta\u017ea dimnjaka je vrlo jednostavna (zbog standardnih dijelova) i za nju nije potreban nikakav specijalni alat.<\/p>\n<p style=\"text-align: center;\"><span style=\"line-height: 1.5;\">.<\/span><\/p>\n","protected":false},"excerpt":{"rendered":"<p>Izolirani dimovodni elementi sastoje se od tri dijela; dvije cijevi i izolacije izme\u0111u njih. Unutarnja cijev je otporna na visoke temperature i kondezat, izolacijski sloj (mineralna vuna &#8211; negoriva, otporna na visoke temperature i postojanog oblika) smanjuje koli\u010dinu kondenzata, a vanjska cijev je otporna na atmosferske utjecaje. Kod spajanja izoliranih dim. elemenata koriste se gumene [&hellip;]<\/p>\n","protected":false},"author":1,"featured_media":685,"parent":0,"menu_order":0,"comment_status":"open","ping_status":"open","template":"page-full.php","meta":{"footnotes":""},"class_list":["post-44","page","type-page","status-publish","has-post-thumbnail","hentry"],"_links":{"self":[{"href":"https:\/\/inox-dimnjaci.com\/index.php?rest_route=\/wp\/v2\/pages\/44"}],"collection":[{"href":"https:\/\/inox-dimnjaci.com\/index.php?rest_route=\/wp\/v2\/pages"}],"about":[{"href":"https:\/\/inox-dimnjaci.com\/index.php?rest_route=\/wp\/v2\/types\/page"}],"author":[{"embeddable":true,"href":"https:\/\/inox-dimnjaci.com\/index.php?rest_route=\/wp\/v2\/users\/1"}],"replies":[{"embeddable":true,"href":"https:\/\/inox-dimnjaci.com\/index.php?rest_route=%2Fwp%2Fv2%2Fcomments&post=44"}],"version-history":[{"count":4,"href":"https:\/\/inox-dimnjaci.com\/index.php?rest_route=\/wp\/v2\/pages\/44\/revisions"}],"predecessor-version":[{"id":687,"href":"https:\/\/inox-dimnjaci.com\/index.php?rest_route=\/wp\/v2\/pages\/44\/revisions\/687"}],"wp:featuredmedia":[{"embeddable":true,"href":"https:\/\/inox-dimnjaci.com\/index.php?rest_route=\/wp\/v2\/media\/685"}],"wp:attachment":[{"href":"https:\/\/inox-dimnjaci.com\/index.php?rest_route=%2Fwp%2Fv2%2Fmedia&parent=44"}],"curies":[{"name":"wp","href":"https:\/\/api.w.org\/{rel}","templated":true}]}}