{"id":14,"date":"2015-04-14T13:06:43","date_gmt":"2015-04-14T13:06:43","guid":{"rendered":"http:\/\/inox-dimnjaci.com\/?page_id=14"},"modified":"2015-04-17T09:22:31","modified_gmt":"2015-04-17T09:22:31","slug":"o-nama-2","status":"publish","type":"page","link":"https:\/\/inox-dimnjaci.com\/?page_id=14","title":{"rendered":"O nama"},"content":{"rendered":"<p>Lim-art je obrt osnovan 2012. godine sa sjedi\u0161tem u \u0110akovu.<\/p>\n<p>Bavimo se uslugom monta\u017ee inox dimnjaka, sanacije postoje\u010dih dimnjaka, monta\u017ee tehni\u010dke izolacije tj. izolacije cjevovoda i sl., sanacije krovi\u0161ta trapeznim limom, lim imitacija crijepa, krovnih i fasadnih panela, monta\u017ea \u010deli\u010dne konstrukcije, postavljanje lexana i sve ostale limarske galanterije.<\/p>\n<p>&nbsp;<br \/>\n&nbsp;<br \/>\n&nbsp;<\/p>\n<p><div class='et-box et-info'>\r\n\t\t\t\t\t<div class='et-box-content'>Lim-art, vl. Tomislav Sli\u0161kovi\u0107<\/br> gsm: 095\/907-83-40<\/br> N. J. Tordinca 63a<\/br> 31400 \u0110akovo<\/div><\/div><br \/>\n<iframe loading=\"lazy\" style=\"border: 0;\" src=\"https:\/\/www.google.com\/maps\/embed?pb=!1m14!1m8!1m3!1d2806.708722017849!2d18.403415499999994!3d45.2941074!3m2!1i1024!2i768!4f13.1!3m3!1m2!1s0x475c55ba654ec825%3A0x486b047d1d1fc74c!2sUl.+Nikole+Jurja+Tordinca+63a%2C+31400%2C+%C4%90akovo!5e0!3m2!1shr!2shr!4v1429262071368\" width=\"800\" height=\"600\" frameborder=\"0\"><\/iframe><\/p>\n","protected":false},"excerpt":{"rendered":"<p>Lim-art je obrt osnovan 2012. godine sa sjedi\u0161tem u \u0110akovu. Bavimo se uslugom monta\u017ee inox dimnjaka, sanacije postoje\u010dih dimnjaka, monta\u017ee tehni\u010dke izolacije tj. izolacije cjevovoda i sl., sanacije krovi\u0161ta trapeznim limom, lim imitacija crijepa, krovnih i fasadnih panela, monta\u017ea \u010deli\u010dne konstrukcije, postavljanje lexana i sve ostale limarske galanterije. &nbsp; &nbsp; &nbsp;<\/p>\n","protected":false},"author":1,"featured_media":50,"parent":0,"menu_order":0,"comment_status":"open","ping_status":"open","template":"page-full.php","meta":{"footnotes":""},"class_list":["post-14","page","type-page","status-publish","has-post-thumbnail","hentry"],"_links":{"self":[{"href":"https:\/\/inox-dimnjaci.com\/index.php?rest_route=\/wp\/v2\/pages\/14"}],"collection":[{"href":"https:\/\/inox-dimnjaci.com\/index.php?rest_route=\/wp\/v2\/pages"}],"about":[{"href":"https:\/\/inox-dimnjaci.com\/index.php?rest_route=\/wp\/v2\/types\/page"}],"author":[{"embeddable":true,"href":"https:\/\/inox-dimnjaci.com\/index.php?rest_route=\/wp\/v2\/users\/1"}],"replies":[{"embeddable":true,"href":"https:\/\/inox-dimnjaci.com\/index.php?rest_route=%2Fwp%2Fv2%2Fcomments&post=14"}],"version-history":[{"count":28,"href":"https:\/\/inox-dimnjaci.com\/index.php?rest_route=\/wp\/v2\/pages\/14\/revisions"}],"predecessor-version":[{"id":272,"href":"https:\/\/inox-dimnjaci.com\/index.php?rest_route=\/wp\/v2\/pages\/14\/revisions\/272"}],"wp:featuredmedia":[{"embeddable":true,"href":"https:\/\/inox-dimnjaci.com\/index.php?rest_route=\/wp\/v2\/media\/50"}],"wp:attachment":[{"href":"https:\/\/inox-dimnjaci.com\/index.php?rest_route=%2Fwp%2Fv2%2Fmedia&parent=14"}],"curies":[{"name":"wp","href":"https:\/\/api.w.org\/{rel}","templated":true}]}}